{"id":18020,"date":"2024-03-08T12:00:01","date_gmt":"2024-03-08T11:00:01","guid":{"rendered":"https:\/\/www.armandotesta.it\/privacy-policy\/"},"modified":"2024-04-19T15:06:15","modified_gmt":"2024-04-19T13:06:15","slug":"privacy-policy","status":"publish","type":"page","link":"https:\/\/www.armandotesta.it\/it\/privacy-policy\/","title":{"rendered":"Privacy policy"},"content":{"rendered":"\n<p>Armando Testa S.p.A. ha a cuore la privacy e i dati personali dei propri utenti. <br>L\u2019informativa sulla privacy che segue serve per informarti su come trattiamo i tuoi dati personali quando usi i nostri servizi.<\/p>\n\n\n\n<ol class=\"wp-block-list\">\n<li><a href=\"\/it\/privacy-policy\/#1\">Chi tratta i tuoi dati<\/a><\/li>\n\n\n\n<li><a href=\"\/it\/privacy-policy\/#2\">Che dati utilizziamo<\/a><\/li>\n\n\n\n<li><a href=\"\/it\/privacy-policy\/#3\">Dove prendiamo i tuoi dati<\/a><\/li>\n\n\n\n<li><a href=\"\/it\/privacy-policy\/#4\">Perch\u00e9 e per quanto tempo trattiamo i tuoi dati<\/a><\/li>\n\n\n\n<li><a href=\"\/it\/privacy-policy\/#cookies\">Cookies<\/a><\/li>\n\n\n\n<li><a href=\"\/it\/privacy-policy\/#6\">Dove sono trattati i tuoi dati<\/a><\/li>\n\n\n\n<li><a href=\"\/it\/privacy-policy\/#7\">Con chi condividiamo i tuoi dati<\/a><\/li>\n\n\n\n<li><a href=\"\/it\/privacy-policy\/#8\">Minori<\/a><\/li>\n\n\n\n<li><a href=\"\/it\/privacy-policy\/#9\">I tuoi diritti<\/a><\/li>\n\n\n\n<li><a href=\"\/it\/privacy-policy\/#10\">Cosa facciamo se modifichiamo questa informativa<\/a><\/li>\n<\/ol>\n\n\n\n<h2 class=\"wp-block-heading\">INFORMATIVA SULLA PRIVACY<br>INFORMAZIONI AI SENSI DELL\u2019ART. 13 DEL REG. UE N. 679\/2016 (\u201cGDPR\u201d)<\/h2>\n\n\n\n<p>Questa Informativa descrive quali dei tuoi dati personali sono raccolti da Armando Testa S.p.A. (cui ci si riferisce in questa informativa con &#8220;noi&#8221; o &#8220;Armando Testa&#8221;), per quali finalit\u00e0 e con quali modalit\u00e0 sono trattati. Di seguito troverai anche le informazioni necessarie per esercitare i tuoi diritti previsti dal GDPR.<br>In generale, raccogliamo tuoi dati quando usi i nostri siti e i nostri social media. Ti informiamo che i dati personali raccolti durante tali processi saranno trattati al fine di rispondere alle tue richieste, di consentirti di fruire dei servizi e dei prodotti offerti da Armando Testa, di effettuare attivit\u00e0 di marketing, fornirti supporto ed effettuare analisi per garantirti un\u2019esperienza di uso del sito personalizzata, secondo quanto indicato di seguito.<\/p>\n\n\n\n<h3 class=\"wp-block-heading\" id=\"1\">1. Chi tratta i tuoi dati &#8211; Titolare del trattamento<\/h3>\n\n\n\n<p>Armando Testa S.p.A., P.I. 05275470010, via Luisa del Carretto n. 58, Torino, CAP 10131, tel. 011 8810111, \u00e8 la titolare del trattamento dei tuoi dati personali necessario per fornirti i servizi e i prodotti e, previo ottenimento del tuo consenso, per finalit\u00e0 di marketing, secondo le finalit\u00e0 e le modalit\u00e0 indicate di seguito.<br>Il Responsabile per la Protezione dei Dati (\u201cDPO\u201d) di Armando Testa S.p.A. \u00e8 contattabile via email&nbsp;<a href=\"mailto:dpo@gruppotesta.it\">dpo@gruppotesta.it<\/a>.<\/p>\n\n\n\n<h3 class=\"wp-block-heading\" id=\"2\">2. Che dati utilizziamo \u2013 tipologia di dati trattati<\/h3>\n\n\n\n<p><span style=\"text-decoration: underline;\">Dati di navigazione<\/span><br>Per esclusive finalit\u00e0 di sicurezza informatica e di monitoraggio delle performance, i sistemi sottesi al sito internet armandotesta.it possono acquisire informazioni potenzialmente riconducibili a dati personali dell\u2019utente.<br>Ad esempio potrebbe venir registrato l&#8217;indirizzo IP del computer, l&#8217;orario di accesso al sito, le pagine del sito visitate, gli indirizzi in notazione URI (Uniform Resource Identifier) delle risorse richieste ed altri parametri relativi al sistema operativo e all&#8217;ambiente informatico del navigatore del sito.<br>Questi dati sono registrati in appositi log e possono essere comunicati esclusivamente all&#8217;Autorit\u00e0 Giudiziaria, in caso di eventi di sicurezza informatica significativi.<br>In caso contrario (assenza di problematiche di sicurezza) vengono eliminati dai sistemi con la massima celerit\u00e0 consentita dall\u2019organizzazione IT e comunque non oltre la settimana lavorativa.<\/p>\n\n\n\n<h3 class=\"wp-block-heading\" id=\"3\">3. Dove prendiamo i tuoi dati &#8211; Modalit\u00e0 di raccolta dei dati<\/h3>\n\n\n\n<p>Attraverso l\u2019utilizzo del sito. Usiamo i cookies e altri strumenti di analisi per migliorare le funzionalit\u00e0 del sito e della app e rendere pi\u00f9 efficiente il loro utilizzo. Per saperne di pi\u00f9, ti preghiamo di prendere visione della nostra Cookie Policy.<\/p>\n\n\n\n<h3 class=\"wp-block-heading\" id=\"4\">4. Perch\u00e9 e per quanto tempo trattiamo i tuoi dati &#8211; Finalit\u00e0 e base giuridica del trattamento \u2013 Periodo di conservazione dei dati<\/h3>\n\n\n\n<p><strong>Per prevenire o controllare condotte illecite o per proteggere e far valere diritti.<\/strong>\u00a0Per esempio, potremmo usare i tuoi dati per prevenire o perseguire violazioni di diritti di propriet\u00e0 intellettuale\/industriale nostri o di terze parti o reati informatici o commessi mediante reti telematiche. La base giuridica di tale trattamento \u00e8 il legittimo interesse di Armando Testa a tutelare i propri diritti e a prevenire illeciti. Il periodo di conservazione dei tuoi dati \u00e8 pari al tempo ragionevolmente necessario a far valere i nostri diritti dal momento in cui veniamo a conoscenza dell\u2019illecito o della sua potenziale commissione.<br><strong>Per finalit\u00e0 di marketing di Armando Testa S.p.A. e dei suoi partner.<\/strong>\u00a0Previo rilascio del tuo consenso, potresti essere contattato da Armando Testa S.p.A. via email con informazioni o offerte che riguardano i servizi di Armando Testa S.p.A. Sempre previo rilascio del tuo consenso, potremmo comunicare i tuoi dati ai partner di Armando Testa S.p.A. ai fini dell\u2019invio di materiale promozionale, pubblicitario e di altre comunicazioni aventi finalit\u00e0 di marketing relative ai loro prodotti (in questo secondo caso troverai una specifica richiesta di consenso con esplicita menzione del partner cui potremmo inviare i tuoi dati, con anche un collegamento alla sua informativa privacy). La base giuridica di questo trattamento \u00e8 il tuo consenso esplicito. Il periodo di conservazione dei tuoi dati \u00e8 pari a 12 mesi dalla raccolta degli stessi.<br><strong>Per ottenere informazioni sull\u2019uso del sito.<\/strong>\u00a0Quando navighi sul nostro sito, anche quando lo fai senza esserti registrato o senza avere fatto log in, le procedure software e il sistema informatico preposto al funzionamento delle applicazioni web acquisiscono, nel corso del loro normale esercizio, alcuni dati la cui trasmissione \u00e8 implicita nell\u2019uso dei protocolli di comunicazione di Internet.<br>Queste informazioni non sono raccolte per essere associate a interessati identificati, ma per loro stessa natura potrebbero, attraverso elaborazioni ed associazioni con dati detenuti dal Titolare o da terzi, permettere di identificare gli utenti.<br>I dati sulla posizione geografica verranno utilizzati esclusivamente in una forma anonima che non consenta in alcun modo, neppure con la combinazione con l\u2019Unique Device Identifier (UDID), l\u2019indirizzo MAC, codici IMEI o IMSI o altri codici cliente, di risalire, direttamente o indirettamente alla tua identit\u00e0.<br>In questa categoria di dati rientrano gli indirizzi IP o i nomi a dominio dei device utilizzati dagli utenti che si connettono all\u2019applicazione, gli indirizzi in notazione URI (Uniform Resource Identifier) delle risorse richieste, l\u2019orario della richiesta, il metodo utilizzato nel sottoporre la richiesta al server, la dimensione del file ottenuto in risposta, il codice numerico indicante lo stato della risposta data dal server (buon fine, errore, ecc.), le sezioni del sito visitate, il tipo di device utilizzato, la nazione da cui ci si connette ed altri parametri relativi al sistema operativo e all\u2019ambiente informatico dell\u2019utente. Armando Testa S.p.A. utilizza tali informazioni esclusivamente per consentire la navigazione sul proprio sito ed evadere le operazioni abitualmente connesse all\u2019utilizzo di sito web. La base giuridica di questo trattamento \u00e8 il legittimo interesse di Armando Testa di comunicare con il pubblico attraverso le reti telematiche. Il periodo di conservazione delle informazioni che potenzialmente potrebbero consentire l\u2019identificazione \u00e8 di 30 giorni dall\u2019accesso al sito.<br>I dati ricavabili dalla navigazione potranno essere utilizzati, con il tuo consenso, anche per una lettura delle tue preferenze ed effettuare attivit\u00e0 di web analytics per valutare la redditivit\u00e0 di ogni attivit\u00e0 online e capire i comportamenti dell\u2019utente con il fine di migliorare i servizi disponibili. \u00c8 comunque tuo diritto opporti, in qualunque momento e senza spese, al trattamento dei tuoi dati per la presente finalit\u00e0. La base giuridica di questo trattamento \u00e8 il tuo consenso. Il periodo di conservazione dei dati relativi alla navigazione sul sito ai fini di analisi \u00e8 di 30 giorni dall\u2019accesso al sito. Per saperne di pi\u00f9, ti preghiamo di prendere visione della nostra Cookie Policy.<\/p>\n\n\n\n<h3 class=\"wp-block-heading\" id=\"cookies\">5. Cookies<\/h3>\n\n\n\n<script id=\"CookieDeclaration\" src=\"https:\/\/consent.cookiebot.com\/24e513b5-3bed-449e-a629-6fdafcf5fd19\/cd.js\" type=\"text\/javascript\" async><\/script>\n\n\n\n<h3 class=\"wp-block-heading\" id=\"6\">6. Dove sono trattati i tuoi dati \u2013 Trasferimento dei dati<\/h3>\n\n\n\n<p>I dati saranno trattati e conservati presso i nostri uffici di via Luisa del Carretto n. 58, Torino, Italia.<br>Come anticipato, per fini amministrativi e organizzativi interni e per prestarti assistenza potremmo comunicare i tuoi dati a societ\u00e0 del gruppo Armando Testa operanti negli Stati Uniti e che hanno stipulato con Armando Testa contratti conformi all\u2019art. 28 GDPR con clausole di protezione approvate dalla Commissione Europea.<\/p>\n\n\n\n<h3 class=\"wp-block-heading\" id=\"7\">7. Con chi condividiamo i tuoi dati \u2013 destinatari dei dati personali<\/h3>\n\n\n\n<p><strong>Con i partner commerciali di Armando Testa S.p.A.<\/strong>\u00a0Se accetti, al momento di esprimere le tue preferenze in materia di dati personali, di far comunicare i tuoi dati ai partner di Armando Testa S.p.A., questi potranno trattarli conformemente alla privacy policy che ti sottoporranno.<br><strong>Con i provider di servizi.<\/strong>\u00a0Armando Testa S.p.A. usa servizi di terze parti (cloud, analisi, profilazione, ricerca, hosting, funzionalit\u00e0 di navigazione e uso del sito e componenti dei prodotti e servizi Armando Testa S.p.A.) che operano quali responsabili del trattamento secondo accordi conformi all\u2019art. 28 GDPR. Quando tali fornitori operano da un paese terzo, lo fanno sulla base di clausole contrattuali standard in conformit\u00e0 alla decisione della Commissione Europea relativa alle clausole di protezione o in virt\u00f9 di una decisione di adeguatezza della Commissione Europea sul livello di protezione dei dati (Privacy Shield). Questi soggetti entrano in possesso solo dei dati personali necessari per l\u2019espletamento delle loro funzioni e possono utilizzarli solamente al fine di eseguire tali servizi per nostro conto o per adempiere a norme di legge. La lista aggiornata dei fornitori terzi, operanti quali responsabili del trattamento ai sensi dell\u2019art. 28 GDPR, \u00e8 disponibile con una richiesta a\u00a0<a href=\"mailto:privacy@armandotesta.it\">privacy@armandotesta.it<\/a>.<br><strong>Con altre societ\u00e0 del Gruppo Armando Testa.<\/strong>\u00a0I tuoi dati possono essere condivisi con altre societ\u00e0 del gruppo Armando Testa o per finalit\u00e0 amministrative e organizzative interne, per fornirti i servizi che hai richiesto o per prestarti assistenza. I dati aggiornati sulle societ\u00e0 Armando Testa destinatarie dei tuoi dati \u00e8 disponibile con una richiesta a\u00a0<a href=\"mailto:privacy@armandotesta.it\">privacy@armandotesta.it<\/a>.<br><strong>Con autorit\u00e0 giudiziarie o amministrative.<\/strong>\u00a0Laddove ritenessimo di doverlo fare per ottemperare a un ordine del giudice o di un\u2019autorit\u00e0, o per adempiere a obblighi di legge o al fine di tutelare giudizialmente noi, o terze parti, potremmo comunicare i tuoi dati all\u2019Autorit\u00e0 Giudiziaria o ad una Autorit\u00e0 Amministrativa dello Stato o dell\u2019Unione Europea.<\/p>\n\n\n\n<h3 class=\"wp-block-heading\" id=\"8\">8. Minori<\/h3>\n\n\n\n<p>I siti e in generale i servizi e prodotti Armando Testa non sono destinati ai minori di 16 anni, che non dovranno pertanto fornire dati personali a Armando Testa. Nel caso in cui Armando Testa riconosca di aver raccolto dati personali di utenti minori di 16 anni, prender\u00e0 le misure necessarie per eliminare tali informazioni quanto prima.<\/p>\n\n\n\n<h3 class=\"wp-block-heading\" id=\"9\">9. I tuoi diritti<\/h3>\n\n\n\n<p>Oltre a gestire le tue preferenze sul trattamento dei dati personali concordemente a quanto descritto ai precedenti paragrafi, puoi rivolgerti a Armando Testa per chiedere l\u2019accesso ai tuoi dati personali, la rettifica, la cancellazione degli stessi o la limitazione del trattamento, per opporti al trattamento e chiedere la portabilit\u00e0 dei tuoi dati; puoi altres\u00ec revocare il consenso in qualsiasi momento (ci\u00f2 non pregiudicher\u00e0 la liceit\u00e0 del trattamento basata sul consenso prestato prima della revoca).<br>Hai diritto di proporre reclamo all\u2019Autorit\u00e0 Garante per la Protezione dei Dati Personali e di chiedere al Titolare, in qualsiasi momento, informazioni circa i responsabili del trattamento e i soggetti autorizzati dai titolari del trattamento a trattare i tuoi dati.<br>Puoi esercitare i tuoi diritti rivolgendoti a Armando Testa via email a\u00a0<a href=\"mailto:privacy@armandotesta.it\">privacy@armandotesta.it<\/a>\u00a0o scrivendo all\u2019indirizzo sopra riportato.<\/p>\n\n\n\n<h3 class=\"wp-block-heading\" id=\"10\">10. Cosa facciamo se modifichiamo questa informativa \u2013 aggiornamento dell\u2019informativa sulla privacy<\/h3>\n\n\n\n<p>Potremmo apportare delle modifiche alla nostra privacy policy. Ti avviseremo in relazione a tali modifiche pubblicando una versione aggiornata sul nostro sito. Avr\u00e0 una data diversa da quella indicata sotto. Sei pregato di consultare il sito periodicamente per gli aggiornamenti.<br>Versione aggiornata al 13 Dicembre 2018.<\/p>\n","protected":false},"excerpt":{"rendered":"<p>Armando Testa S.p.A. ha a cuore la privacy e i dati personali dei propri utenti. L\u2019informativa sulla privacy che segue serve per informarti su come trattiamo i tuoi dati personali quando usi i nostri servizi. INFORMATIVA SULLA PRIVACYINFORMAZIONI AI SENSI DELL\u2019ART. 13 DEL REG. UE N. 679\/2016 (\u201cGDPR\u201d) Questa Informativa descrive quali dei tuoi dati [&hellip;]<\/p>\n","protected":false},"author":1,"featured_media":0,"parent":0,"menu_order":0,"comment_status":"closed","ping_status":"closed","template":"","meta":{"_acf_changed":false,"inline_featured_image":false,"footnotes":""},"class_list":["post-18020","page","type-page","status-publish","hentry"],"acf":false,"yoast_head":"<!-- This site is optimized with the Yoast SEO plugin v27.6 - https:\/\/yoast.com\/product\/yoast-seo-wordpress\/ -->\n<title>Privacy policy - Armando Testa<\/title>\n<meta name=\"robots\" content=\"index, follow, max-snippet:-1, max-image-preview:large, max-video-preview:-1\" \/>\n<link rel=\"canonical\" href=\"https:\/\/www.armandotesta.it\/it\/privacy-policy\/\" \/>\n<meta property=\"og:locale\" content=\"it_IT\" \/>\n<meta property=\"og:type\" content=\"article\" \/>\n<meta property=\"og:title\" content=\"Privacy policy - Armando Testa\" \/>\n<meta property=\"og:description\" content=\"Armando Testa S.p.A. ha a cuore la privacy e i dati personali dei propri utenti. L\u2019informativa sulla privacy che segue serve per informarti su come trattiamo i tuoi dati personali quando usi i nostri servizi. INFORMATIVA SULLA PRIVACYINFORMAZIONI AI SENSI DELL\u2019ART. 13 DEL REG. UE N. 679\/2016 (\u201cGDPR\u201d) Questa Informativa descrive quali dei tuoi dati [&hellip;]\" \/>\n<meta property=\"og:url\" content=\"https:\/\/www.armandotesta.it\/it\/privacy-policy\/\" \/>\n<meta property=\"og:site_name\" content=\"Armando Testa\" \/>\n<meta property=\"article:modified_time\" content=\"2024-04-19T13:06:15+00:00\" \/>\n<meta name=\"twitter:card\" content=\"summary_large_image\" \/>\n<meta name=\"twitter:label1\" content=\"Tempo di lettura stimato\" \/>\n\t<meta name=\"twitter:data1\" content=\"9 minuti\" \/>\n<script type=\"application\/ld+json\" class=\"yoast-schema-graph\">{\"@context\":\"https:\\\/\\\/schema.org\",\"@graph\":[{\"@type\":\"WebPage\",\"@id\":\"https:\\\/\\\/www.armandotesta.it\\\/it\\\/privacy-policy\\\/\",\"url\":\"https:\\\/\\\/www.armandotesta.it\\\/it\\\/privacy-policy\\\/\",\"name\":\"Privacy policy - Armando Testa\",\"isPartOf\":{\"@id\":\"https:\\\/\\\/www.armandotesta.it\\\/it\\\/#website\"},\"datePublished\":\"2024-03-08T11:00:01+00:00\",\"dateModified\":\"2024-04-19T13:06:15+00:00\",\"breadcrumb\":{\"@id\":\"https:\\\/\\\/www.armandotesta.it\\\/it\\\/privacy-policy\\\/#breadcrumb\"},\"inLanguage\":\"it-IT\",\"potentialAction\":[{\"@type\":\"ReadAction\",\"target\":[\"https:\\\/\\\/www.armandotesta.it\\\/it\\\/privacy-policy\\\/\"]}]},{\"@type\":\"BreadcrumbList\",\"@id\":\"https:\\\/\\\/www.armandotesta.it\\\/it\\\/privacy-policy\\\/#breadcrumb\",\"itemListElement\":[{\"@type\":\"ListItem\",\"position\":1,\"name\":\"Home\",\"item\":\"https:\\\/\\\/www.armandotesta.it\\\/it\\\/\"},{\"@type\":\"ListItem\",\"position\":2,\"name\":\"Privacy policy\"}]},{\"@type\":\"WebSite\",\"@id\":\"https:\\\/\\\/www.armandotesta.it\\\/it\\\/#website\",\"url\":\"https:\\\/\\\/www.armandotesta.it\\\/it\\\/\",\"name\":\"Armando Testa\",\"description\":\"\",\"publisher\":{\"@id\":\"https:\\\/\\\/www.armandotesta.it\\\/it\\\/#organization\"},\"potentialAction\":[{\"@type\":\"SearchAction\",\"target\":{\"@type\":\"EntryPoint\",\"urlTemplate\":\"https:\\\/\\\/www.armandotesta.it\\\/it\\\/?s={search_term_string}\"},\"query-input\":{\"@type\":\"PropertyValueSpecification\",\"valueRequired\":true,\"valueName\":\"search_term_string\"}}],\"inLanguage\":\"it-IT\"},{\"@type\":\"Organization\",\"@id\":\"https:\\\/\\\/www.armandotesta.it\\\/it\\\/#organization\",\"name\":\"Armando Testa\",\"url\":\"https:\\\/\\\/www.armandotesta.it\\\/it\\\/\",\"logo\":{\"@type\":\"ImageObject\",\"inLanguage\":\"it-IT\",\"@id\":\"https:\\\/\\\/www.armandotesta.it\\\/it\\\/#\\\/schema\\\/logo\\\/image\\\/\",\"url\":\"https:\\\/\\\/www.armandotesta.it\\\/wp-content\\\/uploads\\\/2024\\\/01\\\/logo-at.png\",\"contentUrl\":\"https:\\\/\\\/www.armandotesta.it\\\/wp-content\\\/uploads\\\/2024\\\/01\\\/logo-at.png\",\"width\":200,\"height\":200,\"caption\":\"Armando Testa\"},\"image\":{\"@id\":\"https:\\\/\\\/www.armandotesta.it\\\/it\\\/#\\\/schema\\\/logo\\\/image\\\/\"}}]}<\/script>\n<!-- \/ Yoast SEO plugin. -->","yoast_head_json":{"title":"Privacy policy - Armando Testa","robots":{"index":"index","follow":"follow","max-snippet":"max-snippet:-1","max-image-preview":"max-image-preview:large","max-video-preview":"max-video-preview:-1"},"canonical":"https:\/\/www.armandotesta.it\/it\/privacy-policy\/","og_locale":"it_IT","og_type":"article","og_title":"Privacy policy - Armando Testa","og_description":"Armando Testa S.p.A. ha a cuore la privacy e i dati personali dei propri utenti. L\u2019informativa sulla privacy che segue serve per informarti su come trattiamo i tuoi dati personali quando usi i nostri servizi. INFORMATIVA SULLA PRIVACYINFORMAZIONI AI SENSI DELL\u2019ART. 13 DEL REG. UE N. 679\/2016 (\u201cGDPR\u201d) Questa Informativa descrive quali dei tuoi dati [&hellip;]","og_url":"https:\/\/www.armandotesta.it\/it\/privacy-policy\/","og_site_name":"Armando Testa","article_modified_time":"2024-04-19T13:06:15+00:00","twitter_card":"summary_large_image","twitter_misc":{"Tempo di lettura stimato":"9 minuti"},"schema":{"@context":"https:\/\/schema.org","@graph":[{"@type":"WebPage","@id":"https:\/\/www.armandotesta.it\/it\/privacy-policy\/","url":"https:\/\/www.armandotesta.it\/it\/privacy-policy\/","name":"Privacy policy - Armando Testa","isPartOf":{"@id":"https:\/\/www.armandotesta.it\/it\/#website"},"datePublished":"2024-03-08T11:00:01+00:00","dateModified":"2024-04-19T13:06:15+00:00","breadcrumb":{"@id":"https:\/\/www.armandotesta.it\/it\/privacy-policy\/#breadcrumb"},"inLanguage":"it-IT","potentialAction":[{"@type":"ReadAction","target":["https:\/\/www.armandotesta.it\/it\/privacy-policy\/"]}]},{"@type":"BreadcrumbList","@id":"https:\/\/www.armandotesta.it\/it\/privacy-policy\/#breadcrumb","itemListElement":[{"@type":"ListItem","position":1,"name":"Home","item":"https:\/\/www.armandotesta.it\/it\/"},{"@type":"ListItem","position":2,"name":"Privacy policy"}]},{"@type":"WebSite","@id":"https:\/\/www.armandotesta.it\/it\/#website","url":"https:\/\/www.armandotesta.it\/it\/","name":"Armando Testa","description":"","publisher":{"@id":"https:\/\/www.armandotesta.it\/it\/#organization"},"potentialAction":[{"@type":"SearchAction","target":{"@type":"EntryPoint","urlTemplate":"https:\/\/www.armandotesta.it\/it\/?s={search_term_string}"},"query-input":{"@type":"PropertyValueSpecification","valueRequired":true,"valueName":"search_term_string"}}],"inLanguage":"it-IT"},{"@type":"Organization","@id":"https:\/\/www.armandotesta.it\/it\/#organization","name":"Armando Testa","url":"https:\/\/www.armandotesta.it\/it\/","logo":{"@type":"ImageObject","inLanguage":"it-IT","@id":"https:\/\/www.armandotesta.it\/it\/#\/schema\/logo\/image\/","url":"https:\/\/www.armandotesta.it\/wp-content\/uploads\/2024\/01\/logo-at.png","contentUrl":"https:\/\/www.armandotesta.it\/wp-content\/uploads\/2024\/01\/logo-at.png","width":200,"height":200,"caption":"Armando Testa"},"image":{"@id":"https:\/\/www.armandotesta.it\/it\/#\/schema\/logo\/image\/"}}]}},"_links":{"self":[{"href":"https:\/\/www.armandotesta.it\/it\/wp-json\/wp\/v2\/pages\/18020","targetHints":{"allow":["GET"]}}],"collection":[{"href":"https:\/\/www.armandotesta.it\/it\/wp-json\/wp\/v2\/pages"}],"about":[{"href":"https:\/\/www.armandotesta.it\/it\/wp-json\/wp\/v2\/types\/page"}],"author":[{"embeddable":true,"href":"https:\/\/www.armandotesta.it\/it\/wp-json\/wp\/v2\/users\/1"}],"replies":[{"embeddable":true,"href":"https:\/\/www.armandotesta.it\/it\/wp-json\/wp\/v2\/comments?post=18020"}],"version-history":[{"count":11,"href":"https:\/\/www.armandotesta.it\/it\/wp-json\/wp\/v2\/pages\/18020\/revisions"}],"predecessor-version":[{"id":18561,"href":"https:\/\/www.armandotesta.it\/it\/wp-json\/wp\/v2\/pages\/18020\/revisions\/18561"}],"wp:attachment":[{"href":"https:\/\/www.armandotesta.it\/it\/wp-json\/wp\/v2\/media?parent=18020"}],"curies":[{"name":"wp","href":"https:\/\/api.w.org\/{rel}","templated":true}]}}